{"id":832,"date":"2020-05-31T05:08:44","date_gmt":"2020-05-31T02:08:44","guid":{"rendered":"https:\/\/www.herbalfitclub.com\/?post_type=product&#038;p=832"},"modified":"2026-05-05T18:30:37","modified_gmt":"2026-05-05T15:30:37","slug":"herbalife-bitkisel-konsantre-cay-klasik-100g-kopya","status":"publish","type":"product","link":"https:\/\/www.herbalfitclub.com\/index.php\/urun\/herbalife-bitkisel-konsantre-cay-klasik-100g-kopya\/","title":{"rendered":"Herbalife Nane \u00d6zl\u00fc Ar\u0131nd\u0131r\u0131c\u0131 Kil Maskesi 120 ml"},"content":{"rendered":"<p>Zengin ve kremsi kil maskesi, kiri ve fazla ya\u011f\u0131 gideren emici ve tonikleme etkisi olan bentonit kili i\u00e7erir.<\/p>\n<ul>\n<li>Tek kullan\u0131mdan sonra, g\u00f6zenek g\u00f6r\u00fcn\u00fcm\u00fcnde geli\u015fme sa\u011flanmas\u0131na yard\u0131mc\u0131 oldu\u011fu klinik olarak test edilmi\u015ftir.*<\/li>\n<li>Nane ve biberiye \u00f6zleri ile duyular\u0131n\u0131z\u0131 canlad\u0131r\u0131rken cildinizde yumu\u015fak ve p\u00fcr\u00fczs\u00fcz bir his b\u0131rak\u0131r.<\/li>\n<li>Bu \u00fcr\u00fcn, cildinizin serum ve nemlendiricilerimizden daha iyi sonu\u00e7 alabilmesi i\u00e7in cildinizi haz\u0131rlar.<\/li>\n<li>\u0130lave paraben i\u00e7ermez. Dermatolojik olarak test edilmi\u015ftir.<\/li>\n<\/ul>\n<p>\u00d6zel olarak form\u00fcle edilmi\u015f i\u00e7eri\u011finde;<br \/>\nB3 vitamini, C ve E vitaminleri ve Aloe Vera, bentonit kili, biberiye yapra\u011f\u0131 ya\u011f\u0131 ve nane ya\u011f\u0131 bulunmaktad\u0131r.<\/p>\n<p><em>*Denekler uygulamadan hemen sonra uzmanlar taraf\u0131ndan g\u00f6zlemlenerek test edilmi\u015ftir. Deneklerin %95\u2019inde uygulamadan hemen sonra g\u00f6zenek g\u00f6r\u00fcn\u00fcm\u00fcnde iyile\u015fme g\u00f6zlemlenmi\u015ftir.<\/em><\/p>\n","protected":false},"excerpt":{"rendered":"<p>Zengin ve kremsi kil maskesi, kiri ve fazla ya\u011f\u0131 gideren emici ve tonikleme etkisi olan bentonit kili i\u00e7erir. Tek kullan\u0131mdan&hellip;<\/p>\n","protected":false},"featured_media":815,"comment_status":"closed","ping_status":"closed","template":"","meta":{"_joinchat":[]},"product_cat":[42],"product_tag":[],"_links":{"self":[{"href":"https:\/\/www.herbalfitclub.com\/index.php\/wp-json\/wp\/v2\/product\/832"}],"collection":[{"href":"https:\/\/www.herbalfitclub.com\/index.php\/wp-json\/wp\/v2\/product"}],"about":[{"href":"https:\/\/www.herbalfitclub.com\/index.php\/wp-json\/wp\/v2\/types\/product"}],"replies":[{"embeddable":true,"href":"https:\/\/www.herbalfitclub.com\/index.php\/wp-json\/wp\/v2\/comments?post=832"}],"wp:featuredmedia":[{"embeddable":true,"href":"https:\/\/www.herbalfitclub.com\/index.php\/wp-json\/wp\/v2\/media\/815"}],"wp:attachment":[{"href":"https:\/\/www.herbalfitclub.com\/index.php\/wp-json\/wp\/v2\/media?parent=832"}],"wp:term":[{"taxonomy":"product_cat","embeddable":true,"href":"https:\/\/www.herbalfitclub.com\/index.php\/wp-json\/wp\/v2\/product_cat?post=832"},{"taxonomy":"product_tag","embeddable":true,"href":"https:\/\/www.herbalfitclub.com\/index.php\/wp-json\/wp\/v2\/product_tag?post=832"}],"curies":[{"name":"wp","href":"https:\/\/api.w.org\/{rel}","templated":true}]}}