{"id":467,"date":"2020-05-21T00:03:01","date_gmt":"2020-05-20T21:03:01","guid":{"rendered":"https:\/\/www.herbalfitclub.com\/index.php\/urun\/import-placeholder-for-717\/"},"modified":"2024-08-20T17:35:02","modified_gmt":"2024-08-20T14:35:02","slug":"shaker-tekli","status":"publish","type":"product","link":"https:\/\/www.herbalfitclub.com\/index.php\/urun\/shaker-tekli\/","title":{"rendered":"Shaker Tekli"},"content":{"rendered":"<ul>\n<li>SADECE ELDE YIKANIR.<\/li>\n<li>Koku, tat ve leke olu\u015fturmaz.<\/li>\n<li>Par\u00e7alanmaz.<\/li>\n<li>Berrakt\u0131r.<\/li>\n<li>Jel, toksik madde i\u00e7ermez.<\/li>\n<li>Mikrodalga f\u0131r\u0131nda kullan\u0131lmaz.<\/li>\n<li>Kullanmadan \u00f6nce elde y\u0131kay\u0131n\u0131z.<\/li>\n<\/ul>\n","protected":false},"excerpt":{"rendered":"<p>SADECE ELDE YIKANIR. Koku, tat ve leke olu\u015fturmaz. Par\u00e7alanmaz. Berrakt\u0131r. Jel, toksik madde i\u00e7ermez. Mikrodalga f\u0131r\u0131nda kullan\u0131lmaz. Kullanmadan \u00f6nce elde&hellip;<\/p>\n","protected":false},"featured_media":489,"comment_status":"closed","ping_status":"closed","template":"","meta":{"_joinchat":[]},"product_cat":[37],"product_tag":[],"_links":{"self":[{"href":"https:\/\/www.herbalfitclub.com\/index.php\/wp-json\/wp\/v2\/product\/467"}],"collection":[{"href":"https:\/\/www.herbalfitclub.com\/index.php\/wp-json\/wp\/v2\/product"}],"about":[{"href":"https:\/\/www.herbalfitclub.com\/index.php\/wp-json\/wp\/v2\/types\/product"}],"replies":[{"embeddable":true,"href":"https:\/\/www.herbalfitclub.com\/index.php\/wp-json\/wp\/v2\/comments?post=467"}],"wp:featuredmedia":[{"embeddable":true,"href":"https:\/\/www.herbalfitclub.com\/index.php\/wp-json\/wp\/v2\/media\/489"}],"wp:attachment":[{"href":"https:\/\/www.herbalfitclub.com\/index.php\/wp-json\/wp\/v2\/media?parent=467"}],"wp:term":[{"taxonomy":"product_cat","embeddable":true,"href":"https:\/\/www.herbalfitclub.com\/index.php\/wp-json\/wp\/v2\/product_cat?post=467"},{"taxonomy":"product_tag","embeddable":true,"href":"https:\/\/www.herbalfitclub.com\/index.php\/wp-json\/wp\/v2\/product_tag?post=467"}],"curies":[{"name":"wp","href":"https:\/\/api.w.org\/{rel}","templated":true}]}}