{"id":456,"date":"2020-05-21T00:02:29","date_gmt":"2020-05-20T21:02:29","guid":{"rendered":"https:\/\/www.herbalfitclub.com\/index.php\/urun\/import-placeholder-for-664\/"},"modified":"2025-04-27T13:28:37","modified_gmt":"2025-04-27T10:28:37","slug":"herbalife-formul-1-besleyici-shake-karisimi","status":"publish","type":"product","link":"https:\/\/www.herbalfitclub.com\/index.php\/urun\/herbalife-formul-1-besleyici-shake-karisimi\/","title":{"rendered":"Herbalife Form\u00fcl 1 Besleyici Shake Kar\u0131\u015f\u0131m\u0131"},"content":{"rendered":"<h2>VAN\u0130LYALI\/FINDIKLI\/\u00c7\u0130KOLATALI\/AHUDUDU VE BEYAZ \u00c7\u0130KOLATA KARI\u015eIMLI SHAKE<\/h2>\n<p>Form\u00fcl 1 \u00d6\u011f\u00fcn Yerine Ge\u00e7en\u00a0Besleyici Shake Kar\u0131\u015f\u0131m\u0131<\/p>\n<ul>\n<li>Form\u00fcl 1 Besleyici Shake Kar\u0131\u015f\u0131m\u0131, protein ve temel besinlerin birle\u015fiminden olu\u015fan lezzetli bir \u00f6\u011f\u00fcnd\u00fcr.<\/li>\n<li>Form\u00fcl 1 aralar\u0131nda B\u00a0vitaminleri, C vitamini, kalsiyum ve demir bulunan 22 vitamin ve mineral i\u00e7erir.<\/li>\n<li>KULLANIM B\u0130LG\u0130S\u0130: Her g\u00fcn bir \u00f6\u011f\u00fcn olarak Form\u00fcl 1 Shake&#8217;i tercih edin. \u0130ki \u00e7orba ka\u015f\u0131\u011f\u0131 toz (26g) ile 250ml yar\u0131m ya\u011fl\u0131 s\u00fct\u00fc (%1,5) kar\u0131\u015ft\u0131r\u0131n.<br \/>\nBu \u00fcr\u00fcn dengeli ve \u00e7e\u015fitli g\u0131dalardan olu\u015fan bir beslenme d\u00fczeni ile sa\u011fl\u0131kl\u0131 ya\u015fam tarz\u0131n\u0131n bir par\u00e7as\u0131 olarak kullan\u0131lmal\u0131d\u0131r.Kilo Kontrol\u00fc \u0130\u00e7in:\u00a0G\u00fcnde iki \u00f6\u011f\u00fcn bu lezzetli Shake&#8217;i tercih edip\u00a0bir \u00f6\u011f\u00fcn sa\u011fl\u0131kl\u0131 yemek yiyebilirsiniz.\u0130deal Kilonuzu Koruyabilmek \u0130\u00e7in:\u00a0G\u00fcnde\u00a0bir \u00f6\u011f\u00fcn bu lezzetli Shake&#8217;i tercih edip iki \u00f6\u011f\u00fcn sa\u011fl\u0131kl\u0131\u00a0yemek yiyebilirsiniz.Form\u00fcl 1 Shake&#8217;lerin\u00a0kalorisi s\u0131n\u0131rlanm\u0131\u015f\u00a0bir diyette di\u011fer g\u0131dalar ve d\u00fczenli yap\u0131lan egzersizle birlikte\u00a0kullan\u0131lmas\u0131\u00a0 ama\u00e7lanm\u0131\u015ft\u0131r.Yeterli miktarda s\u0131v\u0131 al\u0131m\u0131n\u0131 s\u00fcrd\u00fcrmeniz ve bu talimatlar\u0131 belirtildi\u011fi \u015fekilde uygulaman\u0131z \u00f6nem ta\u015f\u0131maktad\u0131r.<br \/>\nBesin de\u011ferleri i\u00e7in \u00fcr\u00fcn etiketi \u00fczerindeki Besin De\u011ferleri Tablosu&#8217;na bak\u0131n\u0131z.<br \/>\nHerbalife herhangi bir kilo kontrol program\u0131na ba\u015flamadan \u00f6nce doktora dan\u0131\u015fman\u0131z\u0131 tavsiye eder.<\/li>\n<\/ul>\n","protected":false},"excerpt":{"rendered":"<p>VAN\u0130LYALI\/FINDIKLI\/\u00c7\u0130KOLATALI\/AHUDUDU VE BEYAZ \u00c7\u0130KOLATA KARI\u015eIMLI SHAKE Form\u00fcl 1 \u00d6\u011f\u00fcn Yerine Ge\u00e7en\u00a0Besleyici Shake Kar\u0131\u015f\u0131m\u0131 Form\u00fcl 1 Besleyici Shake Kar\u0131\u015f\u0131m\u0131, protein ve&hellip;<\/p>\n","protected":false},"featured_media":484,"comment_status":"closed","ping_status":"closed","template":"","meta":{"_joinchat":[]},"product_cat":[35],"product_tag":[],"_links":{"self":[{"href":"https:\/\/www.herbalfitclub.com\/index.php\/wp-json\/wp\/v2\/product\/456"}],"collection":[{"href":"https:\/\/www.herbalfitclub.com\/index.php\/wp-json\/wp\/v2\/product"}],"about":[{"href":"https:\/\/www.herbalfitclub.com\/index.php\/wp-json\/wp\/v2\/types\/product"}],"replies":[{"embeddable":true,"href":"https:\/\/www.herbalfitclub.com\/index.php\/wp-json\/wp\/v2\/comments?post=456"}],"wp:featuredmedia":[{"embeddable":true,"href":"https:\/\/www.herbalfitclub.com\/index.php\/wp-json\/wp\/v2\/media\/484"}],"wp:attachment":[{"href":"https:\/\/www.herbalfitclub.com\/index.php\/wp-json\/wp\/v2\/media?parent=456"}],"wp:term":[{"taxonomy":"product_cat","embeddable":true,"href":"https:\/\/www.herbalfitclub.com\/index.php\/wp-json\/wp\/v2\/product_cat?post=456"},{"taxonomy":"product_tag","embeddable":true,"href":"https:\/\/www.herbalfitclub.com\/index.php\/wp-json\/wp\/v2\/product_tag?post=456"}],"curies":[{"name":"wp","href":"https:\/\/api.w.org\/{rel}","templated":true}]}}