{"id":436,"date":"2020-05-21T00:01:38","date_gmt":"2020-05-20T21:01:38","guid":{"rendered":"https:\/\/www.herbalfitclub.com\/index.php\/urun\/import-placeholder-for-485\/"},"modified":"2025-03-05T20:20:02","modified_gmt":"2025-03-05T17:20:02","slug":"herbalife-tri-blend","status":"publish","type":"product","link":"https:\/\/www.herbalfitclub.com\/index.php\/urun\/herbalife-tri-blend\/","title":{"rendered":"Herbalife Tri Blend Select Muz Aromal\u0131 600 g"},"content":{"rendered":"<p><strong>Tri Blend Select Y\u00fcksek Proteinli Muz Aromal\u0131 \u0130\u00e7ecek Tozu<\/strong><\/p>\n<p>Tri Blend Select, krema k\u0131vam\u0131nda bir shake\u2019tir. Tri Blend Select lif bak\u0131mdan zengindir, \u015feker miktar\u0131 d\u00fc\u015f\u00fckt\u00fcr. Size C vitamini ve 7 minerali sa\u011flayan bir protein kayna\u011f\u0131 sunabilmek i\u00e7in bu vegan kar\u0131\u015f\u0131m\u0131 \u00f6zenle se\u00e7tik.<br \/>\nBezelye Proteini, Kinoa ve Keten Tohumundan olu\u015fan vegan bir kar\u0131\u015f\u0131md\u0131r.<br \/>\nY\u00fcksek protein ve lif i\u00e7eri\u011finin yan\u0131 s\u0131ra i\u00e7eri\u011findeki C vitamini, hem yorgunlu\u011fun ve bitkinli\u011fin azalmas\u0131na hem de normal enerji metabolizmas\u0131na ve ba\u011f\u0131\u015f\u0131kl\u0131k sisteminin normal fonksiyonuna katk\u0131da bulunur.<br \/>\nDe\u011fi\u015fen beslenme ihtiya\u00e7lar\u0131n\u0131z i\u00e7in haz\u0131rlanm\u0131\u015f vegan i\u00e7erikler bulunur.<br \/>\nD\u00fc\u015f\u00fck \u015fekerlidir.<br \/>\nHer porsiyonundaki 20 g protein kas k\u00fctlesinin korunmas\u0131na katk\u0131da bulunur.<br \/>\nHer porsiyon yaln\u0131zca 151 kcal i\u00e7erir.<br \/>\nPorsiyon ba\u015f\u0131na 6 g lif i\u00e7erir.<br \/>\n\u015eeker ve tatland\u0131rc\u0131 i\u00e7erir.<br \/>\nBir kutu 15 porsiyon i\u00e7erir.<br \/>\nGluten, renklendirici i\u00e7ermez. Do\u011fal aroma vericiler i\u00e7erir.<br \/>\nTri Blend Select&#8217;i g\u00fcn boyunca istedi\u011finiz zaman keyifle t\u00fcketebilirsiniz. Topaklanma olmas\u0131n\u0131 engellemek i\u00e7in her kullan\u0131m \u00f6ncesi po\u015feti yava\u015f\u00e7a sallay\u0131n\u0131z. 3 \u00e7orba ka\u015f\u0131\u011f\u0131 (40 g) tozu 250 ml su veya tercih etti\u011finiz s\u00fct veya meyve suyuyla kar\u0131\u015ft\u0131r\u0131n. \u0130stedi\u011finiz yo\u011funlu\u011fu elde etmek i\u00e7in s\u0131v\u0131 miktar\u0131n\u0131 ayarlay\u0131n*.<\/p>\n<p>* Meyve suyu veya di\u011fer i\u00e7eceklerle kar\u0131\u015ft\u0131r\u0131ld\u0131\u011f\u0131nda veya s\u0131v\u0131 miktar\u0131 ayarland\u0131\u011f\u0131nda beslenme de\u011ferleri farkl\u0131l\u0131k g\u00f6sterebilir.<br \/>\n**Domuz ya\u011f\u0131 ve domuzdan elde edilmi\u015f hi\u00e7bir \u00fcr\u00fcn i\u00e7ermez.<\/p>\n","protected":false},"excerpt":{"rendered":"<p>Tri Blend Select Y\u00fcksek Proteinli Muz Aromal\u0131 \u0130\u00e7ecek Tozu Tri Blend Select, krema k\u0131vam\u0131nda bir shake\u2019tir. Tri Blend Select lif&hellip;<\/p>\n","protected":false},"featured_media":472,"comment_status":"closed","ping_status":"closed","template":"","meta":{"_joinchat":[]},"product_cat":[35],"product_tag":[],"_links":{"self":[{"href":"https:\/\/www.herbalfitclub.com\/index.php\/wp-json\/wp\/v2\/product\/436"}],"collection":[{"href":"https:\/\/www.herbalfitclub.com\/index.php\/wp-json\/wp\/v2\/product"}],"about":[{"href":"https:\/\/www.herbalfitclub.com\/index.php\/wp-json\/wp\/v2\/types\/product"}],"replies":[{"embeddable":true,"href":"https:\/\/www.herbalfitclub.com\/index.php\/wp-json\/wp\/v2\/comments?post=436"}],"wp:featuredmedia":[{"embeddable":true,"href":"https:\/\/www.herbalfitclub.com\/index.php\/wp-json\/wp\/v2\/media\/472"}],"wp:attachment":[{"href":"https:\/\/www.herbalfitclub.com\/index.php\/wp-json\/wp\/v2\/media?parent=436"}],"wp:term":[{"taxonomy":"product_cat","embeddable":true,"href":"https:\/\/www.herbalfitclub.com\/index.php\/wp-json\/wp\/v2\/product_cat?post=436"},{"taxonomy":"product_tag","embeddable":true,"href":"https:\/\/www.herbalfitclub.com\/index.php\/wp-json\/wp\/v2\/product_tag?post=436"}],"curies":[{"name":"wp","href":"https:\/\/api.w.org\/{rel}","templated":true}]}}