{"id":2167,"date":"2025-03-05T21:23:22","date_gmt":"2025-03-05T18:23:22","guid":{"rendered":"https:\/\/www.herbalfitclub.com\/?post_type=product&#038;p=2167"},"modified":"2025-03-05T21:23:22","modified_gmt":"2025-03-05T18:23:22","slug":"herbalife-night-mode-papatya-seftali-aromali-180-g","status":"publish","type":"product","link":"https:\/\/www.herbalfitclub.com\/index.php\/urun\/herbalife-night-mode-papatya-seftali-aromali-180-g\/","title":{"rendered":"Herbalife Night Mode Papatya &#038; \u015eeftali Aromal\u0131 180 g"},"content":{"rendered":"<p>\u00dcr\u00fcn Bilgileri<br \/>\nKaliteli bir uyku g\u00fcn i\u00e7indeki performans\u0131n\u0131z ve genel sa\u011fl\u0131\u011f\u0131n\u0131z i\u00e7in \u00e7ok \u00f6nemlidir \u00e7\u00fcnk\u00fc pek \u00e7ok faydas\u0131 vard\u0131r. \u0130yi bir gece uykusu; fiziksel sa\u011fl\u0131\u011f\u0131m\u0131z\u0131 iyile\u015ftirir, v\u00fccudumuzun gece boyunca toparlanmas\u0131n\u0131, onar\u0131lmas\u0131n\u0131 ve yenilenmesini destekler. G\u00fcn boyunca daha iyi odaklanman\u0131za da yard\u0131mc\u0131 olur. <\/p>\n<p>Yeni Night Mode gece rutininizi desteklemek i\u00e7in safran ekstresi ile \u00f6zel olarak form\u00fcle edilmi\u015ftir. Night Mode ile kendinizi \u015f\u0131mart\u0131n, papatya ve \u015feftalinin keyifli aromas\u0131yla rahatlay\u0131n.<\/p>\n<p>Temel Faydalar<br \/>\nYatmadan \u00f6nce i\u00e7ilir.<br \/>\n\u00d6zel safran ekstresi ile form\u00fcle edilmi\u015ftir.<br \/>\nY\u00fcksek miktarda B6 vitamini ve Riboflavin i\u00e7erir.<br \/>\nB6 vitamini ve Riboflavin sinir sisteminin normal i\u015fleyi\u015fine katk\u0131da bulunurken yorgunluk ve bitkinli\u011fin azalt\u0131lmas\u0131na da destek olur.<br \/>\nVeganlar i\u00e7in uygundur.<br \/>\nY\u00fcksek lif i\u00e7erir. (1 porsiyonda 4,2 g lif i\u00e7erir)<br \/>\nGlutensizdir.<br \/>\n\u015eeker i\u00e7ermez.<br \/>\nKafein i\u00e7ermez.<br \/>\nLaktoz i\u00e7ermez.<br \/>\nDo\u011fal kaynaklardan elde edilen aroma ve renklendirici ile \u00fcretilmi\u015ftir.<br \/>\nKoruyucu ve tatland\u0131r\u0131c\u0131 i\u00e7ermez.<\/p>\n","protected":false},"excerpt":{"rendered":"<p>\u00dcr\u00fcn Bilgileri Kaliteli bir uyku g\u00fcn i\u00e7indeki performans\u0131n\u0131z ve genel sa\u011fl\u0131\u011f\u0131n\u0131z i\u00e7in \u00e7ok \u00f6nemlidir \u00e7\u00fcnk\u00fc pek \u00e7ok faydas\u0131 vard\u0131r. \u0130yi&hellip;<\/p>\n","protected":false},"featured_media":2168,"comment_status":"open","ping_status":"closed","template":"","meta":{"_joinchat":[]},"product_cat":[35],"product_tag":[],"_links":{"self":[{"href":"https:\/\/www.herbalfitclub.com\/index.php\/wp-json\/wp\/v2\/product\/2167"}],"collection":[{"href":"https:\/\/www.herbalfitclub.com\/index.php\/wp-json\/wp\/v2\/product"}],"about":[{"href":"https:\/\/www.herbalfitclub.com\/index.php\/wp-json\/wp\/v2\/types\/product"}],"replies":[{"embeddable":true,"href":"https:\/\/www.herbalfitclub.com\/index.php\/wp-json\/wp\/v2\/comments?post=2167"}],"wp:featuredmedia":[{"embeddable":true,"href":"https:\/\/www.herbalfitclub.com\/index.php\/wp-json\/wp\/v2\/media\/2168"}],"wp:attachment":[{"href":"https:\/\/www.herbalfitclub.com\/index.php\/wp-json\/wp\/v2\/media?parent=2167"}],"wp:term":[{"taxonomy":"product_cat","embeddable":true,"href":"https:\/\/www.herbalfitclub.com\/index.php\/wp-json\/wp\/v2\/product_cat?post=2167"},{"taxonomy":"product_tag","embeddable":true,"href":"https:\/\/www.herbalfitclub.com\/index.php\/wp-json\/wp\/v2\/product_tag?post=2167"}],"curies":[{"name":"wp","href":"https:\/\/api.w.org\/{rel}","templated":true}]}}