{"id":1293,"date":"2021-06-06T22:06:57","date_gmt":"2021-06-06T19:06:57","guid":{"rendered":"https:\/\/www.herbalfitclub.com\/?post_type=product&#038;p=1293"},"modified":"2025-03-05T20:09:14","modified_gmt":"2025-03-05T17:09:14","slug":"herbalife-pro-boost-yuksek-proteinli-aromali-icecek-tozu","status":"publish","type":"product","link":"https:\/\/www.herbalfitclub.com\/index.php\/urun\/herbalife-pro-boost-yuksek-proteinli-aromali-icecek-tozu\/","title":{"rendered":"Herbalife Pro-Boost Y\u00fcksek Proteinli Aromal\u0131 \u0130\u00e7ecek Tozu"},"content":{"rendered":"<div class=\"col-md-12 myclear\">\n<div class=\"col-md-12\">\n<div class=\"col-md-12\">\n<h2 style=\"margin: 0cm 45.0pt 3.75pt 0cm;\"><span style=\"font-size: 21.0pt; line-height: 115%; font-family: 'Arial','sans-serif'; color: #515151;\">Pro-Boost Y\u00fcksek Proteinli Aromal\u0131 \u0130\u00e7ecek Tozu<\/span><\/h2>\n<div>\n<p>Pro-Boost Y\u00fcksek proteinli aromal\u0131 i\u00e7ecek tozu<\/p>\n<\/div>\n<\/div>\n<\/div>\n<\/div>\n","protected":false},"excerpt":{"rendered":"<p>Pro-Boost Y\u00fcksek Proteinli Aromal\u0131 \u0130\u00e7ecek Tozu Pro-Boost Y\u00fcksek proteinli aromal\u0131 i\u00e7ecek tozu<\/p>\n","protected":false},"featured_media":1655,"comment_status":"closed","ping_status":"closed","template":"","meta":{"_joinchat":[]},"product_cat":[35],"product_tag":[],"_links":{"self":[{"href":"https:\/\/www.herbalfitclub.com\/index.php\/wp-json\/wp\/v2\/product\/1293"}],"collection":[{"href":"https:\/\/www.herbalfitclub.com\/index.php\/wp-json\/wp\/v2\/product"}],"about":[{"href":"https:\/\/www.herbalfitclub.com\/index.php\/wp-json\/wp\/v2\/types\/product"}],"replies":[{"embeddable":true,"href":"https:\/\/www.herbalfitclub.com\/index.php\/wp-json\/wp\/v2\/comments?post=1293"}],"wp:featuredmedia":[{"embeddable":true,"href":"https:\/\/www.herbalfitclub.com\/index.php\/wp-json\/wp\/v2\/media\/1655"}],"wp:attachment":[{"href":"https:\/\/www.herbalfitclub.com\/index.php\/wp-json\/wp\/v2\/media?parent=1293"}],"wp:term":[{"taxonomy":"product_cat","embeddable":true,"href":"https:\/\/www.herbalfitclub.com\/index.php\/wp-json\/wp\/v2\/product_cat?post=1293"},{"taxonomy":"product_tag","embeddable":true,"href":"https:\/\/www.herbalfitclub.com\/index.php\/wp-json\/wp\/v2\/product_tag?post=1293"}],"curies":[{"name":"wp","href":"https:\/\/api.w.org\/{rel}","templated":true}]}}