{"id":1194,"date":"2020-06-12T08:00:16","date_gmt":"2020-06-12T05:00:16","guid":{"rendered":"https:\/\/www.herbalfitclub.com\/?post_type=product&#038;p=1194"},"modified":"2023-11-19T17:01:31","modified_gmt":"2023-11-19T14:01:31","slug":"super-shaker-tekli","status":"publish","type":"product","link":"https:\/\/www.herbalfitclub.com\/index.php\/urun\/super-shaker-tekli\/","title":{"rendered":"S\u00fcper Shaker Tekli"},"content":{"rendered":"<ul>\n<li>Yeni\u00a0Kar\u0131\u015ft\u0131rma\u00a0Topu<br \/>\nP\u00fct\u00fcrlenme olmamas\u0131 i\u00e7in kar\u0131\u015f\u0131m\u0131 \u00e7alkalamaya ba\u015flamadan \u00f6nce kar\u0131\u015ft\u0131rma topunu shaker\u0131n i\u00e7ine b\u0131rak\u0131n.Ek 2 B\u00f6lme<br \/>\nHerbalife \u00fcr\u00fcnlerinizi tek bir yerde toplayabilmeniz ve yan\u0131n\u0131zda her an kolayl\u0131kla ta\u015f\u0131yabilmeniz i\u00e7in ek b\u00f6lmeleri shaker\u0131n\u0131za sabitleyin.<br \/>\nBir b\u00f6lmeyi tabletlerinizi d\u00fczenlemek ve ta\u015f\u0131mak i\u00e7in, di\u011fer b\u00f6lmeyi ise bir sonraki shakeiniz i\u00e7in shake kar\u0131\u015f\u0131m\u0131n\u0131z\u0131 ta\u015f\u0131mak i\u00e7in kullan\u0131n.<\/li>\n<\/ul>\n","protected":false},"excerpt":{"rendered":"<p>Yeni\u00a0Kar\u0131\u015ft\u0131rma\u00a0Topu P\u00fct\u00fcrlenme olmamas\u0131 i\u00e7in kar\u0131\u015f\u0131m\u0131 \u00e7alkalamaya ba\u015flamadan \u00f6nce kar\u0131\u015ft\u0131rma topunu shaker\u0131n i\u00e7ine b\u0131rak\u0131n.Ek 2 B\u00f6lme Herbalife \u00fcr\u00fcnlerinizi tek bir yerde&hellip;<\/p>\n","protected":false},"featured_media":1195,"comment_status":"closed","ping_status":"closed","template":"","meta":{"_joinchat":[]},"product_cat":[37],"product_tag":[],"_links":{"self":[{"href":"https:\/\/www.herbalfitclub.com\/index.php\/wp-json\/wp\/v2\/product\/1194"}],"collection":[{"href":"https:\/\/www.herbalfitclub.com\/index.php\/wp-json\/wp\/v2\/product"}],"about":[{"href":"https:\/\/www.herbalfitclub.com\/index.php\/wp-json\/wp\/v2\/types\/product"}],"replies":[{"embeddable":true,"href":"https:\/\/www.herbalfitclub.com\/index.php\/wp-json\/wp\/v2\/comments?post=1194"}],"wp:featuredmedia":[{"embeddable":true,"href":"https:\/\/www.herbalfitclub.com\/index.php\/wp-json\/wp\/v2\/media\/1195"}],"wp:attachment":[{"href":"https:\/\/www.herbalfitclub.com\/index.php\/wp-json\/wp\/v2\/media?parent=1194"}],"wp:term":[{"taxonomy":"product_cat","embeddable":true,"href":"https:\/\/www.herbalfitclub.com\/index.php\/wp-json\/wp\/v2\/product_cat?post=1194"},{"taxonomy":"product_tag","embeddable":true,"href":"https:\/\/www.herbalfitclub.com\/index.php\/wp-json\/wp\/v2\/product_tag?post=1194"}],"curies":[{"name":"wp","href":"https:\/\/api.w.org\/{rel}","templated":true}]}}