{"id":1191,"date":"2020-06-12T07:30:39","date_gmt":"2020-06-12T04:30:39","guid":{"rendered":"https:\/\/www.herbalfitclub.com\/?post_type=product&#038;p=1191"},"modified":"2023-11-19T17:01:40","modified_gmt":"2023-11-19T14:01:40","slug":"tritan-suluk-730-ml","status":"publish","type":"product","link":"https:\/\/www.herbalfitclub.com\/index.php\/urun\/tritan-suluk-730-ml\/","title":{"rendered":"Tritan Suluk 730 ml"},"content":{"rendered":"<p style=\"font-weight: 400;\">%100 BPA i\u00e7ermez.<\/p>\n<p style=\"font-weight: 400;\">S\u0131zd\u0131rmaz kapakl\u0131d\u0131r.<\/p>\n<p style=\"font-weight: 400;\">Entegre kulpludur.<\/p>\n<p style=\"font-weight: 400;\">Par\u00e7alanmaz ve berrakt\u0131r.<\/p>\n<p style=\"font-weight: 400;\">Koku, tat ve leke olu\u015fturmaz.<\/p>\n<p style=\"font-weight: 400;\">Jel ve toksik madde i\u00e7ermez.<\/p>\n<p style=\"font-weight: 400;\">Kullanmadan \u00f6nce elde y\u0131kay\u0131n\u0131z.<\/p>\n","protected":false},"excerpt":{"rendered":"<p>%100 BPA i\u00e7ermez. S\u0131zd\u0131rmaz kapakl\u0131d\u0131r. Entegre kulpludur. Par\u00e7alanmaz ve berrakt\u0131r. Koku, tat ve leke olu\u015fturmaz. Jel ve toksik madde i\u00e7ermez.&hellip;<\/p>\n","protected":false},"featured_media":1192,"comment_status":"closed","ping_status":"closed","template":"","meta":{"_joinchat":[]},"product_cat":[37],"product_tag":[],"_links":{"self":[{"href":"https:\/\/www.herbalfitclub.com\/index.php\/wp-json\/wp\/v2\/product\/1191"}],"collection":[{"href":"https:\/\/www.herbalfitclub.com\/index.php\/wp-json\/wp\/v2\/product"}],"about":[{"href":"https:\/\/www.herbalfitclub.com\/index.php\/wp-json\/wp\/v2\/types\/product"}],"replies":[{"embeddable":true,"href":"https:\/\/www.herbalfitclub.com\/index.php\/wp-json\/wp\/v2\/comments?post=1191"}],"wp:featuredmedia":[{"embeddable":true,"href":"https:\/\/www.herbalfitclub.com\/index.php\/wp-json\/wp\/v2\/media\/1192"}],"wp:attachment":[{"href":"https:\/\/www.herbalfitclub.com\/index.php\/wp-json\/wp\/v2\/media?parent=1191"}],"wp:term":[{"taxonomy":"product_cat","embeddable":true,"href":"https:\/\/www.herbalfitclub.com\/index.php\/wp-json\/wp\/v2\/product_cat?post=1191"},{"taxonomy":"product_tag","embeddable":true,"href":"https:\/\/www.herbalfitclub.com\/index.php\/wp-json\/wp\/v2\/product_tag?post=1191"}],"curies":[{"name":"wp","href":"https:\/\/api.w.org\/{rel}","templated":true}]}}