{"id":1182,"date":"2020-06-12T07:23:16","date_gmt":"2020-06-12T04:23:16","guid":{"rendered":"https:\/\/www.herbalfitclub.com\/?post_type=product&#038;p=1182"},"modified":"2023-11-19T17:02:04","modified_gmt":"2023-11-19T14:02:04","slug":"neon-shaker-mor","status":"publish","type":"product","link":"https:\/\/www.herbalfitclub.com\/index.php\/urun\/neon-shaker-mor\/","title":{"rendered":"Neon Shaker Mor"},"content":{"rendered":"<ul>\n<li>\u015eimdi Shakerlar\u0131n\u0131z rengarenk<\/li>\n<\/ul>\n","protected":false},"excerpt":{"rendered":"<p>\u015eimdi Shakerlar\u0131n\u0131z rengarenk<\/p>\n","protected":false},"featured_media":1183,"comment_status":"closed","ping_status":"closed","template":"","meta":{"_joinchat":[]},"product_cat":[37],"product_tag":[],"_links":{"self":[{"href":"https:\/\/www.herbalfitclub.com\/index.php\/wp-json\/wp\/v2\/product\/1182"}],"collection":[{"href":"https:\/\/www.herbalfitclub.com\/index.php\/wp-json\/wp\/v2\/product"}],"about":[{"href":"https:\/\/www.herbalfitclub.com\/index.php\/wp-json\/wp\/v2\/types\/product"}],"replies":[{"embeddable":true,"href":"https:\/\/www.herbalfitclub.com\/index.php\/wp-json\/wp\/v2\/comments?post=1182"}],"wp:featuredmedia":[{"embeddable":true,"href":"https:\/\/www.herbalfitclub.com\/index.php\/wp-json\/wp\/v2\/media\/1183"}],"wp:attachment":[{"href":"https:\/\/www.herbalfitclub.com\/index.php\/wp-json\/wp\/v2\/media?parent=1182"}],"wp:term":[{"taxonomy":"product_cat","embeddable":true,"href":"https:\/\/www.herbalfitclub.com\/index.php\/wp-json\/wp\/v2\/product_cat?post=1182"},{"taxonomy":"product_tag","embeddable":true,"href":"https:\/\/www.herbalfitclub.com\/index.php\/wp-json\/wp\/v2\/product_tag?post=1182"}],"curies":[{"name":"wp","href":"https:\/\/api.w.org\/{rel}","templated":true}]}}