{"id":1170,"date":"2020-06-12T07:09:07","date_gmt":"2020-06-12T04:09:07","guid":{"rendered":"https:\/\/www.herbalfitclub.com\/?post_type=product&#038;p=1170"},"modified":"2023-11-19T17:02:36","modified_gmt":"2023-11-19T14:02:36","slug":"neon-shaker-pembe","status":"publish","type":"product","link":"https:\/\/www.herbalfitclub.com\/index.php\/urun\/neon-shaker-pembe\/","title":{"rendered":"Neon Shaker Pembe"},"content":{"rendered":"<ul>\n<li>\u015eimdi Shakerlar\u0131n\u0131z rengarenk<\/li>\n<\/ul>\n","protected":false},"excerpt":{"rendered":"<p>\u015eimdi Shakerlar\u0131n\u0131z rengarenk<\/p>\n","protected":false},"featured_media":1176,"comment_status":"closed","ping_status":"closed","template":"","meta":{"_joinchat":[]},"product_cat":[37],"product_tag":[],"_links":{"self":[{"href":"https:\/\/www.herbalfitclub.com\/index.php\/wp-json\/wp\/v2\/product\/1170"}],"collection":[{"href":"https:\/\/www.herbalfitclub.com\/index.php\/wp-json\/wp\/v2\/product"}],"about":[{"href":"https:\/\/www.herbalfitclub.com\/index.php\/wp-json\/wp\/v2\/types\/product"}],"replies":[{"embeddable":true,"href":"https:\/\/www.herbalfitclub.com\/index.php\/wp-json\/wp\/v2\/comments?post=1170"}],"wp:featuredmedia":[{"embeddable":true,"href":"https:\/\/www.herbalfitclub.com\/index.php\/wp-json\/wp\/v2\/media\/1176"}],"wp:attachment":[{"href":"https:\/\/www.herbalfitclub.com\/index.php\/wp-json\/wp\/v2\/media?parent=1170"}],"wp:term":[{"taxonomy":"product_cat","embeddable":true,"href":"https:\/\/www.herbalfitclub.com\/index.php\/wp-json\/wp\/v2\/product_cat?post=1170"},{"taxonomy":"product_tag","embeddable":true,"href":"https:\/\/www.herbalfitclub.com\/index.php\/wp-json\/wp\/v2\/product_tag?post=1170"}],"curies":[{"name":"wp","href":"https:\/\/api.w.org\/{rel}","templated":true}]}}