{"id":901,"date":"2020-06-01T04:35:30","date_gmt":"2020-06-01T01:35:30","guid":{"rendered":"https:\/\/www.herbalfitclub.com\/?page_id=901"},"modified":"2023-07-15T19:20:51","modified_gmt":"2023-07-15T16:20:51","slug":"herbal-tarifler","status":"publish","type":"page","link":"https:\/\/www.herbalfitclub.com\/index.php\/herbal-tarifler\/","title":{"rendered":"Herbal Tarifler"},"content":{"rendered":"<figure class=\"wp-block-gallery has-nested-images columns-3 is-cropped wp-block-gallery-1 is-layout-flex wp-block-gallery-is-layout-flex\"><figure class=\"wp-block-image size-large\"><img fetchpriority=\"high\" decoding=\"async\" width=\"439\" height=\"391\" data-id=\"1057\" src=\"https:\/\/www.herbalfitclub.com\/wp-content\/uploads\/2020\/06\/FINDIKLI-EFSANE-TAT-G\u00d6RSEL-3.jpg\" alt=\"\" class=\"wp-image-1057\" srcset=\"https:\/\/www.herbalfitclub.com\/wp-content\/uploads\/2020\/06\/FINDIKLI-EFSANE-TAT-G\u00d6RSEL-3.jpg 439w, https:\/\/www.herbalfitclub.com\/wp-content\/uploads\/2020\/06\/FINDIKLI-EFSANE-TAT-G\u00d6RSEL-3-300x267.jpg 300w\" sizes=\"(max-width: 439px) 100vw, 439px\" \/><figcaption class=\"wp-element-caption\"><a rel=\"noreferrer noopener\" href=\"https:\/\/www.herbalfitclub.com\/index.php\/findikli-efsane-tat\/\" target=\"_blank\"><strong><span style=\"color:#ffffff\" class=\"has-inline-color\">FINDIKLI EFSANE TAT<\/span><\/strong><\/a><\/figcaption><\/figure>\n\n<figure class=\"wp-block-image size-large\"><img decoding=\"async\" width=\"439\" height=\"369\" data-id=\"1058\" src=\"https:\/\/www.herbalfitclub.com\/wp-content\/uploads\/2020\/06\/HAVU\u00c7LU-KEK-TADINDA-G\u00d6RSEL-1.jpg\" alt=\"\" class=\"wp-image-1058\" srcset=\"https:\/\/www.herbalfitclub.com\/wp-content\/uploads\/2020\/06\/HAVU\u00c7LU-KEK-TADINDA-G\u00d6RSEL-1.jpg 439w, https:\/\/www.herbalfitclub.com\/wp-content\/uploads\/2020\/06\/HAVU\u00c7LU-KEK-TADINDA-G\u00d6RSEL-1-300x252.jpg 300w\" sizes=\"(max-width: 439px) 100vw, 439px\" \/><figcaption class=\"wp-element-caption\"><a href=\"https:\/\/www.herbalfitclub.com\/index.php\/havuclu-kek-tadinda\/\" target=\"_blank\" rel=\"noreferrer noopener\"><strong><span style=\"color:#fefefe\" class=\"has-inline-color\">HAVU\u00c7LU KEK TADINDA<\/span><\/strong><\/a><\/figcaption><\/figure>\n\n<figure class=\"wp-block-image size-large\"><img decoding=\"async\" width=\"439\" height=\"368\" data-id=\"1059\" src=\"https:\/\/www.herbalfitclub.com\/wp-content\/uploads\/2020\/06\/KIRMIZI-A\u015eKI-G\u00d6RSEL-1.jpg\" alt=\"\" class=\"wp-image-1059\" srcset=\"https:\/\/www.herbalfitclub.com\/wp-content\/uploads\/2020\/06\/KIRMIZI-A\u015eKI-G\u00d6RSEL-1.jpg 439w, https:\/\/www.herbalfitclub.com\/wp-content\/uploads\/2020\/06\/KIRMIZI-A\u015eKI-G\u00d6RSEL-1-300x251.jpg 300w\" sizes=\"(max-width: 439px) 100vw, 439px\" \/><figcaption class=\"wp-element-caption\"><strong><a rel=\"noreferrer noopener\" href=\"https:\/\/www.herbalfitclub.com\/index.php\/kirmizi-aski\/\" target=\"_blank\"><span style=\"color:#ffffff\" class=\"has-inline-color\">KIRMIZI A\u015eKI<\/span><\/a><\/strong><\/figcaption><\/figure><\/figure><figure class=\"wp-block-gallery has-nested-images columns-default is-cropped wp-block-gallery-2 is-layout-flex wp-block-gallery-is-layout-flex\"><figure class=\"wp-block-image size-large\"><img loading=\"lazy\" decoding=\"async\" width=\"210\" height=\"186\" data-id=\"1098\" src=\"https:\/\/www.herbalfitclub.com\/wp-content\/uploads\/2020\/06\/EK\u015e\u0130-ELMALI-LEZZET-210X186-4.jpg\" alt=\"\" class=\"wp-image-1098\"\/><figcaption class=\"wp-element-caption\"><a href=\"https:\/\/www.herbalfitclub.com\/index.php\/eksi-elmali-lezzet\/\" target=\"_blank\" rel=\"noreferrer noopener\"><strong><span style=\"color:#ffffff\" class=\"has-inline-color\">EK\u015e\u0130L\u0130 ELMALI LEZZET<\/span><\/strong><\/a><\/figcaption><\/figure>\n\n<figure class=\"wp-block-image size-large\"><img loading=\"lazy\" decoding=\"async\" width=\"439\" height=\"397\" data-id=\"1101\" src=\"https:\/\/www.herbalfitclub.com\/wp-content\/uploads\/2020\/06\/ELMALI-L\u0130MONLU-ZENCEF\u0130LL\u0130-SHAKE-G\u00d6RSEL-5.jpg\" alt=\"\" class=\"wp-image-1101\" srcset=\"https:\/\/www.herbalfitclub.com\/wp-content\/uploads\/2020\/06\/ELMALI-L\u0130MONLU-ZENCEF\u0130LL\u0130-SHAKE-G\u00d6RSEL-5.jpg 439w, https:\/\/www.herbalfitclub.com\/wp-content\/uploads\/2020\/06\/ELMALI-L\u0130MONLU-ZENCEF\u0130LL\u0130-SHAKE-G\u00d6RSEL-5-300x271.jpg 300w\" sizes=\"(max-width: 439px) 100vw, 439px\" \/><figcaption class=\"wp-element-caption\"><a href=\"https:\/\/www.herbalfitclub.com\/index.php\/elmali-limonlu-zencefilli-shake\/\" target=\"_blank\" rel=\"noreferrer noopener\"><strong><span style=\"color:#ffffff\" class=\"has-inline-color\">ELMALI L\u0130MONLU ZENCEF\u0130LL\u0130<\/span><\/strong><\/a><\/figcaption><\/figure>\n\n<figure class=\"wp-block-image size-large\"><img loading=\"lazy\" decoding=\"async\" width=\"439\" height=\"391\" data-id=\"1100\" src=\"https:\/\/www.herbalfitclub.com\/wp-content\/uploads\/2020\/06\/ELMALI-PASTA-TADINDA-G\u00d6RSEL-2.jpg\" alt=\"\" class=\"wp-image-1100\" srcset=\"https:\/\/www.herbalfitclub.com\/wp-content\/uploads\/2020\/06\/ELMALI-PASTA-TADINDA-G\u00d6RSEL-2.jpg 439w, https:\/\/www.herbalfitclub.com\/wp-content\/uploads\/2020\/06\/ELMALI-PASTA-TADINDA-G\u00d6RSEL-2-300x267.jpg 300w\" sizes=\"(max-width: 439px) 100vw, 439px\" \/><figcaption class=\"wp-element-caption\"><a href=\"https:\/\/www.herbalfitclub.com\/index.php\/elmali-pasta-tadinda\/\" target=\"_blank\" rel=\"noreferrer noopener\"><strong><span style=\"color:#f8f8f8\" class=\"has-inline-color\">ELMALI PASTA TADINDA<\/span><\/strong><\/a><\/figcaption><\/figure><\/figure><figure class=\"wp-block-gallery has-nested-images columns-default is-cropped wp-block-gallery-3 is-layout-flex wp-block-gallery-is-layout-flex\"><figure class=\"wp-block-image size-large\"><img loading=\"lazy\" decoding=\"async\" width=\"439\" height=\"368\" data-id=\"1074\" src=\"https:\/\/www.herbalfitclub.com\/wp-content\/uploads\/2020\/06\/MEYVE-SEPET\u0130-G\u00d6RSEL.jpg\" alt=\"\" class=\"wp-image-1074\" srcset=\"https:\/\/www.herbalfitclub.com\/wp-content\/uploads\/2020\/06\/MEYVE-SEPET\u0130-G\u00d6RSEL.jpg 439w, https:\/\/www.herbalfitclub.com\/wp-content\/uploads\/2020\/06\/MEYVE-SEPET\u0130-G\u00d6RSEL-300x251.jpg 300w\" sizes=\"(max-width: 439px) 100vw, 439px\" \/><figcaption class=\"wp-element-caption\"><strong><a href=\"https:\/\/www.herbalfitclub.com\/index.php\/meyve-sepeti\/\" target=\"_blank\" rel=\"noreferrer noopener\"><span style=\"color:#fcfcfc\" class=\"has-inline-color\">MEYVE SEPET\u0130<\/span><\/a><\/strong><\/figcaption><\/figure>\n\n<figure class=\"wp-block-image size-full\"><img loading=\"lazy\" decoding=\"async\" width=\"439\" height=\"368\" data-id=\"1662\" src=\"https:\/\/www.herbalfitclub.com\/wp-content\/uploads\/2023\/07\/PORTAKALLI-FISTIK-EZMESI.jpg\" alt=\"\" class=\"wp-image-1662\" srcset=\"https:\/\/www.herbalfitclub.com\/wp-content\/uploads\/2023\/07\/PORTAKALLI-FISTIK-EZMESI.jpg 439w, https:\/\/www.herbalfitclub.com\/wp-content\/uploads\/2023\/07\/PORTAKALLI-FISTIK-EZMESI-300x251.jpg 300w\" sizes=\"(max-width: 439px) 100vw, 439px\" \/><figcaption class=\"wp-element-caption\"><a href=\"https:\/\/www.herbalfitclub.com\/index.php\/portakalli-fistik\/\" target=\"_blank\" rel=\"noreferrer noopener\"><strong><span style=\"color:#ffffff\" class=\"has-inline-color\">PORTAKALLI FISTIK<\/span><\/strong><\/a><\/figcaption><\/figure>\n\n<figure class=\"wp-block-image size-large\"><img loading=\"lazy\" decoding=\"async\" width=\"439\" height=\"391\" data-id=\"1081\" src=\"https:\/\/www.herbalfitclub.com\/wp-content\/uploads\/2020\/06\/VAN\u0130LYALI-SARAY-\u015eERBET\u0130-G\u00d6RSEL.jpg\" alt=\"\" class=\"wp-image-1081\" srcset=\"https:\/\/www.herbalfitclub.com\/wp-content\/uploads\/2020\/06\/VAN\u0130LYALI-SARAY-\u015eERBET\u0130-G\u00d6RSEL.jpg 439w, https:\/\/www.herbalfitclub.com\/wp-content\/uploads\/2020\/06\/VAN\u0130LYALI-SARAY-\u015eERBET\u0130-G\u00d6RSEL-300x267.jpg 300w\" sizes=\"(max-width: 439px) 100vw, 439px\" \/><figcaption class=\"wp-element-caption\"><a rel=\"noreferrer noopener\" href=\"https:\/\/www.herbalfitclub.com\/index.php\/vanilyali-saray-serbeti\/\" target=\"_blank\"><span style=\"color:#ffffff\" class=\"has-inline-color\"><strong>VAN\u0130LYALI SARAY \u015eERBET\u0130<\/strong><\/span><\/a><\/figcaption><\/figure>\n\n<figure class=\"wp-block-image size-full\"><img loading=\"lazy\" decoding=\"async\" width=\"386\" height=\"368\" data-id=\"1664\" src=\"https:\/\/www.herbalfitclub.com\/wp-content\/uploads\/2023\/07\/BROKOLI-KROKET-G.jpg\" alt=\"\" class=\"wp-image-1664\" srcset=\"https:\/\/www.herbalfitclub.com\/wp-content\/uploads\/2023\/07\/BROKOLI-KROKET-G.jpg 386w, https:\/\/www.herbalfitclub.com\/wp-content\/uploads\/2023\/07\/BROKOLI-KROKET-G-300x286.jpg 300w\" sizes=\"(max-width: 386px) 100vw, 386px\" \/><figcaption class=\"wp-element-caption\"><a href=\"https:\/\/www.herbalfitclub.com\/index.php\/brokoli-kroket\/\" target=\"_blank\" rel=\"noreferrer noopener\"><mark style=\"background-color:rgba(0, 0, 0, 0);color:#ffffff\" class=\"has-inline-color\"><strong>BROKOL\u0130 KROKET<\/strong><\/mark><\/a><\/figcaption><\/figure>\n\n<figure class=\"wp-block-image size-full\"><img loading=\"lazy\" decoding=\"async\" width=\"448\" height=\"299\" data-id=\"1666\" src=\"https:\/\/www.herbalfitclub.com\/wp-content\/uploads\/2023\/07\/FIRINDA-FALAFEL-G.jpg\" alt=\"\" class=\"wp-image-1666\" srcset=\"https:\/\/www.herbalfitclub.com\/wp-content\/uploads\/2023\/07\/FIRINDA-FALAFEL-G.jpg 448w, https:\/\/www.herbalfitclub.com\/wp-content\/uploads\/2023\/07\/FIRINDA-FALAFEL-G-300x200.jpg 300w\" sizes=\"(max-width: 448px) 100vw, 448px\" \/><figcaption class=\"wp-element-caption\"><a href=\"https:\/\/www.herbalfitclub.com\/index.php\/firinda-falafel\/\" target=\"_blank\" rel=\"noreferrer noopener\"><mark style=\"background-color:rgba(0, 0, 0, 0);color:#ffffff\" class=\"has-inline-color\"><strong>FIRINDA FALAFEL<\/strong><\/mark><\/a><\/figcaption><\/figure>\n\n<figure class=\"wp-block-image size-full\"><img loading=\"lazy\" decoding=\"async\" width=\"459\" height=\"305\" data-id=\"1667\" src=\"https:\/\/www.herbalfitclub.com\/wp-content\/uploads\/2023\/07\/FIRINDA-ISPANAKLI-YUMURTA-G.jpg\" alt=\"\" class=\"wp-image-1667\" srcset=\"https:\/\/www.herbalfitclub.com\/wp-content\/uploads\/2023\/07\/FIRINDA-ISPANAKLI-YUMURTA-G.jpg 459w, https:\/\/www.herbalfitclub.com\/wp-content\/uploads\/2023\/07\/FIRINDA-ISPANAKLI-YUMURTA-G-300x199.jpg 300w\" sizes=\"(max-width: 459px) 100vw, 459px\" \/><figcaption class=\"wp-element-caption\"><a href=\"https:\/\/www.herbalfitclub.com\/index.php\/firinda-ispanakli-yumurta\/\" target=\"_blank\" rel=\"noreferrer noopener\"><mark style=\"background-color:rgba(0, 0, 0, 0);color:#ffffff\" class=\"has-inline-color\"><strong>FIRINDA ISPANAKLI YUMURTA<\/strong><\/mark><\/a><\/figcaption><\/figure><\/figure>","protected":false},"excerpt":{"rendered":"","protected":false},"author":1,"featured_media":0,"parent":0,"menu_order":0,"comment_status":"closed","ping_status":"closed","template":"","meta":{"_joinchat":[],"footnotes":""},"_links":{"self":[{"href":"https:\/\/www.herbalfitclub.com\/index.php\/wp-json\/wp\/v2\/pages\/901"}],"collection":[{"href":"https:\/\/www.herbalfitclub.com\/index.php\/wp-json\/wp\/v2\/pages"}],"about":[{"href":"https:\/\/www.herbalfitclub.com\/index.php\/wp-json\/wp\/v2\/types\/page"}],"author":[{"embeddable":true,"href":"https:\/\/www.herbalfitclub.com\/index.php\/wp-json\/wp\/v2\/users\/1"}],"replies":[{"embeddable":true,"href":"https:\/\/www.herbalfitclub.com\/index.php\/wp-json\/wp\/v2\/comments?post=901"}],"version-history":[{"count":6,"href":"https:\/\/www.herbalfitclub.com\/index.php\/wp-json\/wp\/v2\/pages\/901\/revisions"}],"predecessor-version":[{"id":1726,"href":"https:\/\/www.herbalfitclub.com\/index.php\/wp-json\/wp\/v2\/pages\/901\/revisions\/1726"}],"wp:attachment":[{"href":"https:\/\/www.herbalfitclub.com\/index.php\/wp-json\/wp\/v2\/media?parent=901"}],"curies":[{"name":"wp","href":"https:\/\/api.w.org\/{rel}","templated":true}]}}