{"id":498,"date":"2020-05-21T01:00:40","date_gmt":"2020-05-20T22:00:40","guid":{"rendered":"https:\/\/www.herbalfitclub.com\/?page_id=498"},"modified":"2023-07-15T19:26:56","modified_gmt":"2023-07-15T16:26:56","slug":"satis-sozlesmesi","status":"publish","type":"page","link":"https:\/\/www.herbalfitclub.com\/index.php\/satis-sozlesmesi\/","title":{"rendered":"Sat\u0131\u015f S\u00f6zle\u015fmesi"},"content":{"rendered":"<p><strong>Sat\u0131\u015f S\u00f6zle\u015fmesi<\/strong><\/p><p>T\u00fcm kullan\u0131c\u0131lar \u00fcyelik i\u015flemlerini ger\u00e7ekle\u015ftirdikleri anda \u015fat\u0131\u015f s\u00f6zle\u015fmesini okuduklar\u0131n\u0131 ve onaylad\u0131klar\u0131n\u0131 kabul etmi\u015f say\u0131l\u0131rlar.<\/p><p>Sat\u0131\u015f S\u00f6zle\u015fmesi<\/p><p>www.herbalfitclub.com&nbsp; ile M\u00fc\u015fteri aras\u0131ndaki Sanal Ortamda&nbsp; Sat\u0131\u015f S\u00f6zle\u015fmesidir.<\/p><p>Madde &#8211; 1<\/p><p>Is bu s\u00f6zle\u015fmenin konusu, sat\u0131c\u0131n\u0131n, al\u0131c\u0131ya sat\u0131s\u0131n\u0131 yapt\u0131\u011f\u0131, a\u015fa\u011f\u0131da nitelikleri ve sat\u0131\u015f fiyat\u0131 belirtilen \u00fcr\u00fcn\u00fcn sat\u0131s\u0131 ve teslimi ile ilgili olarak 4077 say\u0131l\u0131 T\u00fcketicilerin Korunmas\u0131 Hakk\u0131ndaki Kanunun; Mesafeli S\u00f6zle\u015fmeleri Uygulama Esas ve Usulleri Hakk\u0131nda Y\u00f6netmelik h\u00fck\u00fcmleri gere\u011fince taraflar\u0131n hak ve y\u00fck\u00fcml\u00fcl\u00fcklerinin kapsamaktad\u0131r.<\/p><p>Madde &#8211; 2<\/p><p>SATICI BILGILERI <\/p><p>Ad\u0131 :\u00a0Herbalfitclub<\/p><p>Telefon:\u00a00538 562 22 52<\/p><p>Email:\u00a0info@herbalfitclub.com<\/p><p>Madde &#8211; 3<\/p><p>ALICI BILGILERI\u00a0<\/p><p>Ad\u0131 :\u00a0<\/p><p>Telefon:\u00a0<\/p><p>Email:\u00a0<\/p><p>T\u00fcm \u00fcyeler:&nbsp; www.herbalfitclub.com &#8216;a \u00fcye olarak veya \u00fcye olmadan al\u0131\u015fveri\u015f yapan t\u00fcm al\u0131c\u0131lar. (Bundan sonra al\u0131c\u0131 veya m\u00fc\u015fteri olarak an\u0131lacakt\u0131r).<\/p><p>Madde &#8211; 4<\/p><p>S\u00d6ZLESME KONUSU VE \u00dcR\u00dcN BILGILERI:<\/p><p>Mal\/\u00dcr\u00fcn veya Hizmetin; T\u00fcr\u00fc, Miktar\u0131, Marka\/Modeli, Rengi, Adedi, Sat\u0131\u015f Bedeli ve \u00d6deme Sekli, sitede belirtildi\u011fi gibi olup, bu vaatler al\u0131c\u0131ya bildirilmeden de\u011fi\u015fiklik g\u00f6sterebilmektedir.&nbsp;<\/p><p>Madde &#8211; 5<\/p><p>GENEL H\u00dcK\u00dcMLER<\/p><p>5.1 &#8211; ALICI, Madde 4\u2019te belirtilen s\u00f6zle\u015fme konusu \u00fcr\u00fcn\u00fcn temel nitelikleri, sat\u0131\u015f fiyat\u0131 ve \u00f6deme sekli ile teslimata ili\u015fkin t\u00fcm \u00f6n bilgileri okuyup bilgi sahibi oldu\u011funu ve elektronik ortamda gerekli teyidi verdi\u011fini beyan eder.<\/p><p>5.2 &#8211; S\u00f6zle\u015fme konusu \u00fcr\u00fcn, yasal 30 g\u00fcnl\u00fck s\u00fcreyi asmamak ko\u015fulu ile her bir \u00fcr\u00fcn i\u00e7in alicinin yerle\u015fim yerinin uzakl\u0131\u011f\u0131na bagl\u0131<\/p><p>olarak \u00f6n bilgiler i\u00e7inde a\u00e7\u0131klanan s\u00fcre i\u00e7inde alici veya g\u00f6sterdi\u011fi adresteki ki\u015fi veya kurulu\u015fa teslim edilir.<\/p><p>5.3 &#8211; S\u00f6zlesme konusu \u00fcr\u00fcn, alicidan baska bir kisi veya kurulusa teslim edilecek ise, teslim edilecek kisi veya kurulusun teslimati kabul etmemesinden dolayi SATICI sorumlu tutulamaz.<\/p><p>5.4 &nbsp;SATICI , s\u00f6zlesme konusu \u00fcr\u00fcn\u00fcn saglam, eksiksiz, sipariste belirtilen niteliklere uygun ve varsa garanti belgeleri ve kullanim kilavuzlari ile birlikte teslim edilmesinden sorumludur.<\/p><p>5.5 &#8211; S\u00f6zlesme konusu \u00fcr\u00fcn\u00fcn teslimati i\u00e7in is bu s\u00f6zlesmenin elektronik ortamda onaylanmis olmasi ve satis bedelinin alicinin tercih ettigi \u00f6deme sekli ile \u00f6denmis olmasi sarttir. Herhangi bir nedenle \u00fcr\u00fcn bedeli \u00f6denmez veya banka kayitlarinda iptal edilir ise, SATICI \u00fcr\u00fcn\u00fcn teslimi y\u00fck\u00fcml\u00fcl\u00fcg\u00fcnden kurtulmus kabul edilir.<\/p><p>5.6 &#8211; \u00dcr\u00fcn\u00fcn tesliminden sonra aliciya ait kredi kartinin alicinin kusurundan kaynaklanmayan bir sekilde yetkisiz kisilerce haksiz veya hukuka aykiri olarak kullanilmasi nedeni ile ilgili banka veya finans kurulusun \u00fcr\u00fcn bedelini SATICI ya \u00f6dememesi halinde, ALICI kendisi veya satis s\u00f6zlesmesinde belirttigi kisi veya kuruma teslim edilmis olan \u00fcr\u00fcn\u00fc 3 isg\u00fcn\u00fc i\u00e7inde SATICI ya g\u00f6ndermek zorundadir. B\u00f6yle bir durumda nakliye giderleri aliciya aittir.<\/p><p>5.7 &#8211; SATICI m\u00fccbir sebepler veya nakliyeyi engelleyen hava muhalefeti, ulasimin kesilmesi gibi olagan\u00fcst\u00fc durumlar nedeni ile s\u00f6zlesme konusu \u00fcr\u00fcn\u00fc s\u00fcresi i\u00e7inde teslim edemez ise, durumu aliciya bildirmekle y\u00fck\u00fcml\u00fcd\u00fcr. Bu takdirde alici siparisinin iptal edilmesini, s\u00f6zlesme konusu \u00fcr\u00fcn\u00fcn varsa emsali ile degistirilmesini, ve\/veya teslimat s\u00fcresinin engelleyici durumun ortadan kalkmasina kadar ertelenmesi haklarindan birini kullanabilir. Alicinin siparisi iptal etmesi halinde, SATICI 7 g\u00fcn i\u00e7inde aliciya ait kredi karti fisinin iptali ve ilgili tutarin alicinin hesabina iade edilmesi konusunda ilgili banka nezdinde girisimde bulunur ve yapilan islem elektronik posta araciligi ile ALICIya bildirilir. B\u00f6yle bir durumda ilgili bankadan kaynaklanan gecikmelerden dolayi SATICI sorumlu tutulamaz.<\/p><p>5.8 &#8211; ALICI ve\/veya ALICI nin teslimat yapilmasi istedigi kisi ve\/veya kurumlara teslim edilmis olan \u00fcr\u00fcnlerin arizali veya bozuk olmasi durumunda, garanti sartlari i\u00e7inde gerekli onarim veya degistirme isleminin yapilmasi i\u00e7in ilgili \u00fcr\u00fcn veya \u00fcr\u00fcnler SATICI\u2019ya, ALICI tarafinin teslim aldigi tarihten baslayarak 7 g\u00fcn i\u00e7inde g\u00f6nderilir ve nakliye giderleri SATICI tarafindan karsilanir. B\u00f6yle bir durumda 7 g\u00fcnl\u00fck s\u00fcrenin dolmasi halinde, ALICI teslim almis oldugu \u00fcr\u00fcn\u00fc ilgili servisine g\u00f6t\u00fcrmek zorundadir.<\/p><p>5.9- Is bu s\u00f6zlesme, alici tarafindan elektronik olarak onaylandiktan (\u00fcyelik ger\u00e7eklestirikdikten sonra)&nbsp; www.herbalfitclub.com&nbsp; &nbsp;adresine ulastirildiktan sonra ge\u00e7erlilik kazanir.<\/p><p>Madde &#8211; 6<\/p><p>CAYMA HAKKI:<\/p><p>Alici, s\u00f6zlesme konusu \u00fcr\u00fcr\u00fcn\u00fcn kendisine veya g\u00f6sterdigi adresteki kisi\/kurulusa tesliminden itibaren yedi (7) g\u00fcn i\u00e7inde cayma hakkina sahiptir. Cayma hakkinin kullanilabilmesi i\u00e7in bu s\u00fcre i\u00e7inde SATICI\u2019ya faks veya elektronik posta ile bildirimde bulunulmasi ve \u00fcr\u00fcn\u00fcn 7. madde h\u00fck\u00fcmleri \u00e7er\u00e7evesinde kullanilmamis ve ambalajinin zarar g\u00f6rmemis olmasi sarttir. Bu hakkin kullanilmasi halinde, 3. kisiye veya Aliciya teslim edilen \u00fcr\u00fcn\u00fcn SATICI\u2019ya g\u00f6nderildigine dair kargo teslim tutanagi \u00f6rnegi ile satis faturasi aslinin iadesi zorunludur. Bu belgelerin ulasmasini takip eden 7 g\u00fcn i\u00e7inde \u00fcr\u00fcn bedelinin ALICI\u2019nin kredi karti hesabina iade edilmesi i\u00e7in SATICI ilgili banka nezdinde girisimde bulunur. \u00dcr\u00fcn bedelinin iadesinde banka tarafindaki aksakliklardan dolayi SATICI sorumlu tutulamaz. Satis faturasinin aslinin g\u00f6nderilmemesi durumunda katma deger vergisi ve varsa diger yasal y\u00fck\u00fcml\u00fcl\u00fckler iade edilmez. Cayma hakki nedeni ile iade edilen \u00fcr\u00fcn\u00fcn kargo bedeli ALICI\u2019ya aittir. Ayrica, niteligi itibariyla iade edilemeyecek \u00fcr\u00fcnler, tek kullanimlik \u00fcr\u00fcnler, kopyalanabilir yazilim ve programlar, hizli bozulan veya son kullanim tarihi ge\u00e7en \u00fcr\u00fcnler i\u00e7in cayma hakki kullanilamaz. Her t\u00fcrl\u00fc yazilim ve programlar, DVD, VCD, CD ve kasetler, Bilgisayar ve kirtasiye sarf malzemeleri (toner, kartus, serit v.b) ve H\u00fcr t\u00fcrl\u00fc kozmetik \u00fcr\u00fcnlerinde cayma hakkinin kullanilmasi, \u00fcr\u00fcn\u00fcn ambalajinin a\u00e7ilmamis, bozulmamis ve \u00fcr\u00fcn\u00fcn kullanilmamis olmasi sartina baglidir.<\/p><p>Madde &#8211; 7<\/p><p>YETKILI MAHKEME:<\/p><p>Is bu s\u00f6zlesmenin uygulanmasinda, SATICI\u2019nin yerlesim yerindeki T\u00dcKET\u0130C\u0130 MAHKEMELER\u0130 yetkilidir. Sipari\u015fin elektronik ortamda onaylanmas\u0131 durumunda, ALICI i\u015fbu s\u00f6zle\u015fmenin t\u00fcm h\u00fck\u00fcmlerini kabul etmi\u015f say\u0131l\u0131r.<\/p>","protected":false},"excerpt":{"rendered":"<p>Sat\u0131\u015f S\u00f6zle\u015fmesi T\u00fcm kullan\u0131c\u0131lar \u00fcyelik i\u015flemlerini ger\u00e7ekle\u015ftirdikleri anda \u015fat\u0131\u015f s\u00f6zle\u015fmesini okuduklar\u0131n\u0131 ve onaylad\u0131klar\u0131n\u0131 kabul etmi\u015f say\u0131l\u0131rlar. Sat\u0131\u015f S\u00f6zle\u015fmesi www.herbalfitclub.com&nbsp; ile&hellip;<\/p>\n","protected":false},"author":1,"featured_media":0,"parent":0,"menu_order":0,"comment_status":"closed","ping_status":"closed","template":"","meta":{"_joinchat":[],"footnotes":""},"_links":{"self":[{"href":"https:\/\/www.herbalfitclub.com\/index.php\/wp-json\/wp\/v2\/pages\/498"}],"collection":[{"href":"https:\/\/www.herbalfitclub.com\/index.php\/wp-json\/wp\/v2\/pages"}],"about":[{"href":"https:\/\/www.herbalfitclub.com\/index.php\/wp-json\/wp\/v2\/types\/page"}],"author":[{"embeddable":true,"href":"https:\/\/www.herbalfitclub.com\/index.php\/wp-json\/wp\/v2\/users\/1"}],"replies":[{"embeddable":true,"href":"https:\/\/www.herbalfitclub.com\/index.php\/wp-json\/wp\/v2\/comments?post=498"}],"version-history":[{"count":1,"href":"https:\/\/www.herbalfitclub.com\/index.php\/wp-json\/wp\/v2\/pages\/498\/revisions"}],"predecessor-version":[{"id":1729,"href":"https:\/\/www.herbalfitclub.com\/index.php\/wp-json\/wp\/v2\/pages\/498\/revisions\/1729"}],"wp:attachment":[{"href":"https:\/\/www.herbalfitclub.com\/index.php\/wp-json\/wp\/v2\/media?parent=498"}],"curies":[{"name":"wp","href":"https:\/\/api.w.org\/{rel}","templated":true}]}}