{"id":1082,"date":"2020-06-07T23:14:42","date_gmt":"2020-06-07T20:14:42","guid":{"rendered":"https:\/\/www.herbalfitclub.com\/?page_id=1082"},"modified":"2020-06-07T23:43:03","modified_gmt":"2020-06-07T20:43:03","slug":"vanilyali-saray-serbeti","status":"publish","type":"page","link":"https:\/\/www.herbalfitclub.com\/index.php\/vanilyali-saray-serbeti\/","title":{"rendered":"VAN\u0130LYALI SARAY \u015eERBET\u0130"},"content":{"rendered":"<figure class=\"wp-block-image size-large\"><img fetchpriority=\"high\" decoding=\"async\" width=\"960\" height=\"720\" src=\"https:\/\/www.herbalfitclub.com\/wp-content\/uploads\/2020\/06\/VAN\u0130LYALI-SARAY-\u015eERBET\u0130-1.jpg\" alt=\"\" class=\"wp-image-1095\" srcset=\"https:\/\/www.herbalfitclub.com\/wp-content\/uploads\/2020\/06\/VAN\u0130LYALI-SARAY-\u015eERBET\u0130-1.jpg 960w, https:\/\/www.herbalfitclub.com\/wp-content\/uploads\/2020\/06\/VAN\u0130LYALI-SARAY-\u015eERBET\u0130-1-300x225.jpg 300w, https:\/\/www.herbalfitclub.com\/wp-content\/uploads\/2020\/06\/VAN\u0130LYALI-SARAY-\u015eERBET\u0130-1-768x576.jpg 768w, https:\/\/www.herbalfitclub.com\/wp-content\/uploads\/2020\/06\/VAN\u0130LYALI-SARAY-\u015eERBET\u0130-1-600x450.jpg 600w\" sizes=\"(max-width: 960px) 100vw, 960px\" \/><\/figure>","protected":false},"excerpt":{"rendered":"","protected":false},"author":1,"featured_media":0,"parent":0,"menu_order":0,"comment_status":"closed","ping_status":"closed","template":"","meta":{"_joinchat":[],"footnotes":""},"_links":{"self":[{"href":"https:\/\/www.herbalfitclub.com\/index.php\/wp-json\/wp\/v2\/pages\/1082"}],"collection":[{"href":"https:\/\/www.herbalfitclub.com\/index.php\/wp-json\/wp\/v2\/pages"}],"about":[{"href":"https:\/\/www.herbalfitclub.com\/index.php\/wp-json\/wp\/v2\/types\/page"}],"author":[{"embeddable":true,"href":"https:\/\/www.herbalfitclub.com\/index.php\/wp-json\/wp\/v2\/users\/1"}],"replies":[{"embeddable":true,"href":"https:\/\/www.herbalfitclub.com\/index.php\/wp-json\/wp\/v2\/comments?post=1082"}],"version-history":[{"count":0,"href":"https:\/\/www.herbalfitclub.com\/index.php\/wp-json\/wp\/v2\/pages\/1082\/revisions"}],"wp:attachment":[{"href":"https:\/\/www.herbalfitclub.com\/index.php\/wp-json\/wp\/v2\/media?parent=1082"}],"curies":[{"name":"wp","href":"https:\/\/api.w.org\/{rel}","templated":true}]}}